{"id":7643,"date":"2013-09-10T08:11:25","date_gmt":"2013-09-10T08:11:25","guid":{"rendered":"http:\/\/gothica.premiumcoding.com\/?page_id=2"},"modified":"2018-10-09T18:46:04","modified_gmt":"2018-10-09T18:46:04","slug":"sample-page-2-2","status":"publish","type":"page","link":"https:\/\/xn--krbisweitwurf-wob.ch\/","title":{"rendered":"Home"},"content":{"rendered":"<div id=\"aq-template-wrapper-7564\" class=\"aq-template-wrapper aq_row\"><div id=\"aq-block-7564-1\" class=\"aq-block aq-block-aq_start_content_block aq_span12 aq-first cf\"><div class=\"mainwrap\">\n<div class=\"main clearfix\">\n<div class=\"content fullwidth\">\n<\/div><div id=\"aq-block-7564-2\" class=\"aq-block aq-block-aq_title_border_block aq_span12 aq-first cf\"><div class=\"border-block\" id=\"programm\">\n\t\t\t\t<div class=\"title-block-wrap\"><h2 class=\"titleborderh2\">Programm<\/h2><\/div><div id=\"aq-block-7564-3\" class=\"aq-block aq-block-aq_richtext_block aq_span12 aq-first cf\"><div class=\"programm\">\n<div class=\"half\">\n        <em>10 Uhr<\/em><br \/>\n        Er\u00f6ffnung Festgel\u00e4nde<br \/>\n        Bar und Festbetrieb<br \/>\n        K\u00fcrbisweitwurf mit kleinen, mittleren & grossen K\u00fcrbissen<br \/>\n        Grosser Gabentisch<\/p>\n<p>        <b>F\u00fcr die Kleinen:<\/b> H\u00fcpfburg, Suchen im Stroh<\/p>\n<p>        <em>Ab 11:30<\/em><br \/>\n        K\u00fcrbissuppe, Grill, Diverse Kuchen<\/p>\n<p>        <em>13 Uhr<\/em><br \/>\n        Zielwurf<\/p>\n<p>        <em>14 Uhr<\/em><br \/>\n        Freie Klasse (Katapulte und sonstige Schleuder und Wurfmaschinen)\n    <\/div>\n<\/div>\n<\/div><div id=\"aq-block-7564-4\" class=\"aq-block aq-block-aq_title_border_block_end aq_span12 aq-first cf\"><\/div><\/div><\/div><div id=\"aq-block-7564-5\" class=\"aq-block aq-block-aq_end_content_block aq_span12 aq-first cf\">\t\t<\/div><\/div>\n\t\t\t\t\t<\/div><\/div><div id=\"aq-block-7564-6\" class=\"aq-block aq-block-aq_clear_block aq_span12 aq-first cf\"><div class=\"cf\" style=\"height:65px;\"><\/div><\/div><div id=\"aq-block-7564-7\" class=\"aq-block aq-block-aq_start_content_block aq_span12 aq-first cf\"><div class=\"mainwrap\">\n<div class=\"main clearfix\">\n<div class=\"content fullwidth\">\n<\/div><div id=\"aq-block-7564-8\" class=\"aq-block aq-block-aq_title_border_block aq_span12 aq-first cf\"><div class=\"border-block\" id=\"wettbewerb\">\n\t\t\t\t<div class=\"title-block-wrap\"><h2 class=\"titleborderh2\">Wettbewerb<\/h2><\/div><div id=\"aq-block-7564-9\" class=\"aq-block aq-block-aq_richtext_block aq_span12 aq-first cf\"><h3>Teilnahmegeb\u00fchr<\/h3>\n<p>1 Fr. pro Wurf<\/p>\n<\/div><div id=\"aq-block-7564-10\" class=\"aq-block aq-block-aq_richtext_block aq_span12 aq-first cf\"><h3>K\u00fcrbis Gr\u00f6ssen<\/h3>\n<p>Es werden kleine, mittlere & grosse K\u00fcrbisse geworfen. Die Kleinen & Mittleren sind auch f\u00fcr Kinder geeignet.<\/p>\n<\/div><div id=\"aq-block-7564-11\" class=\"aq-block aq-block-aq_richtext_block aq_span12 aq-first cf\"><h3>Zielweitwurf<\/h3>\n<p>Es wird versucht mit dem K\u00fcrbis ein Ziel zu treffen. Diese Kategorie ist auch f\u00fcr Kinder geeignet.<\/p>\n<\/div><div id=\"aq-block-7564-12\" class=\"aq-block aq-block-aq_richtext_block aq_span12 aq-first cf\"><h3>Freie Klasse<\/h3>\n<p>Die K\u00f6nigskategorie im K\u00fcrbisweitwurf ist die freie Klasse.<\/p>\n<p>Hier d\u00fcrft ihr (auch in Gruppen) mit einem selbst gebauten Ger\u00e4t (Katapult, Schleuder o. \u00e4.) gegeneinander antreten. <\/p>\n<p>Bei dieser Kategorie sind wir Euch dankbar, <a href=\"#kontakt\">wenn Ihr uns \u00fcber Eure Teilnahme informiert.<\/a><\/p>\n<\/div><div id=\"aq-block-7564-13\" class=\"aq-block aq-block-aq_richtext_block aq_span12 aq-first cf\"><h3>Preise<\/h3>\n<p>Grosser Gabentisch<\/p>\n<\/div><div id=\"aq-block-7564-14\" class=\"aq-block aq-block-aq_title_border_block_end aq_span12 aq-first cf\"><\/div><\/div><\/div><div id=\"aq-block-7564-15\" class=\"aq-block aq-block-aq_end_content_block aq_span12 aq-first cf\">\t\t<\/div><\/div>\n\t\t\t\t\t<\/div><\/div><div id=\"aq-block-7564-16\" class=\"aq-block aq-block-aq_clear_block aq_span12 aq-first cf\"><div class=\"cf\" style=\"height:30px;\"><\/div><\/div><div id=\"aq-block-7564-17\" class=\"aq-block aq-block-aq_start_content_block aq_span12 aq-first cf\"><div class=\"mainwrap\">\n<div class=\"main clearfix\">\n<div class=\"content fullwidth\">\n<\/div><div id=\"aq-block-7564-18\" class=\"aq-block aq-block-aq_start_content_block aq_span12 aq-first cf\"><div class=\"mainwrap\">\n<div class=\"main clearfix\">\n<div class=\"content fullwidth\">\n<\/div><div id=\"aq-block-7564-19\" class=\"aq-block aq-block-aq_title_border_block aq_span12 aq-first cf\"><div class=\"border-block\" id=\"anfahrt\">\n\t\t\t\t<div class=\"title-block-wrap\"><h2 class=\"titleborderh2\">Anfahrt<\/h2><\/div><div id=\"aq-block-7564-20\" class=\"aq-block aq-block-aq_richtext_block aq_span12 aq-first cf\"><div class=\"address\">\n<a href=\"https:\/\/goo.gl\/maps\/BqUNtvZoQ2x\" target=\"_blank\">Hardhof<br \/>\n5103 Wildegg<\/a>\n<\/div>\n<\/div><div id=\"aq-block-7564-21\" class=\"aq-block aq-block-aq_richtext_block aq_span12 aq-first cf\"><p><iframe src=\"https:\/\/www.google.com\/maps\/embed?pb=!1m18!1m12!1m3!1d2700.025623083405!2d8.155159051881197!3d47.41144137906997!2m3!1f0!2f0!3f0!3m2!1i1024!2i768!4f13.1!3m3!1m2!1s0x47903e191aec52e9%3A0xd36e3ded868d24b3!2sHardhof%2C+5103+Wildegg!5e0!3m2!1sen!2sch!4v1539110936469\" width=\"100%\" height=\"auto\" frameborder=\"0\" style=\"border:0;\" allowfullscreen><\/iframe><\/p>\n<\/div><div id=\"aq-block-7564-22\" class=\"aq-block aq-block-aq_title_border_block_end aq_span12 aq-first cf\"><\/div><\/div><\/div><div id=\"aq-block-7564-23\" class=\"aq-block aq-block-aq_end_content_block aq_span12 aq-first cf\">\t\t<\/div><\/div>\n\t\t\t\t\t<\/div><\/div><div id=\"aq-block-7564-24\" class=\"aq-block aq-block-aq_title_border_block aq_span12 aq-first cf\"><div class=\"border-block\" id=\"sponsoren\">\n\t\t\t\t<div class=\"title-block-wrap\"><h2 class=\"titleborderh2\">Sponsoren<\/h2><\/div><div id=\"aq-block-7564-25\" class=\"aq-block aq-block-aq_richtext_block aq_span12 aq-first cf\"><div style=\"width: 100%; text-align:center\">Herzlichen Dank f\u00fcr die Unterst\u00fctzung!<\/div>\n<\/div><div id=\"aq-block-7564-26\" class=\"aq-block aq-block-aq_slider_block_revolutionslider aq_span12 aq-first cf\">\n\t\t\t<!-- START Sponsoren REVOLUTION SLIDER 6.3.3 --><p class=\"rs-p-wp-fix\"><\/p>\n\t\t\t<rs-module-wrap id=\"rev_slider_1_1_wrapper\" data-source=\"gallery\" style=\"background:transparent;padding:0;margin:0px auto;margin-top:0;margin-bottom:0;max-width:;\">\n\t\t\t\t<rs-module id=\"rev_slider_1_1\" style=\"\" data-version=\"6.3.3\">\n\t\t\t\t\t<rs-slides>\n\t\t\t\t\t\t<rs-slide data-key=\"rs-30\" data-title=\"Slide\" data-thumb=\"\/\/xn--krbisweitwurf-wob.ch\/wp-content\/uploads\/2018\/10\/sl-100x50.png\" data-link=\"\/\/www.sl-keramik.ch\/\" data-target=\"_blank\" data-seoz=\"front\" data-anim=\"ei:d;eo:d;s:600;t:fade;sl:d;\" data-firstanim=\"t:fade;s:1500;sl:7;\">\n\t\t\t\t\t\t\t<img src=\"\/\/xn--krbisweitwurf-wob.ch\/wp-content\/plugins\/revslider\/public\/assets\/assets\/dummy.png\" title=\"Home\" data-lazyload=\"\/\/xn--krbisweitwurf-wob.ch\/wp-content\/uploads\/2018\/10\/sl.png\" data-bg=\"f:contain;\" data-parallax=\"off\" class=\"rev-slidebg\" data-no-retina>\n<!---->\t\t\t\t\t\t<\/rs-slide>\n\t\t\t\t\t\t<rs-slide data-key=\"rs-37\" data-title=\"Slide\" data-thumb=\"\/\/xn--krbisweitwurf-wob.ch\/wp-content\/uploads\/2018\/10\/holzwurm-1-100x50.png\" data-link=\"\/\/yellow.local.ch\/de\/d\/Seon\/5703\/Holzbau\/Holzwurm-Zimmerei-AG-1Nndg5BHD14LyaoSoRwB2A\" data-target=\"_blank\" data-seoz=\"front\" data-anim=\"ei:d;eo:d;s:600;t:fade;sl:d;\">\n\t\t\t\t\t\t\t<img src=\"\/\/xn--krbisweitwurf-wob.ch\/wp-content\/plugins\/revslider\/public\/assets\/assets\/dummy.png\" title=\"Home\" data-lazyload=\"\/\/xn--krbisweitwurf-wob.ch\/wp-content\/uploads\/2018\/10\/holzwurm-1.png\" data-bg=\"f:contain;\" data-parallax=\"off\" class=\"rev-slidebg\" data-no-retina>\n<!---->\t\t\t\t\t\t<\/rs-slide>\n\t\t\t\t\t\t<rs-slide data-key=\"rs-38\" data-title=\"Slide\" data-thumb=\"\/\/xn--krbisweitwurf-wob.ch\/wp-content\/uploads\/2018\/10\/gebhard-1-100x50.png\" data-link=\"\/\/www.gebhardwildegg.ch\/\" data-target=\"_blank\" data-seoz=\"front\" data-anim=\"ei:d;eo:d;s:600;t:fade;sl:d;\">\n\t\t\t\t\t\t\t<img src=\"\/\/xn--krbisweitwurf-wob.ch\/wp-content\/plugins\/revslider\/public\/assets\/assets\/dummy.png\" title=\"Home\" data-lazyload=\"\/\/xn--krbisweitwurf-wob.ch\/wp-content\/uploads\/2018\/10\/gebhard-1.png\" data-bg=\"f:contain;\" data-parallax=\"off\" class=\"rev-slidebg\" data-no-retina>\n<!---->\t\t\t\t\t\t<\/rs-slide>\n\t\t\t\t\t\t<rs-slide data-key=\"rs-39\" data-title=\"Slide\" data-thumb=\"\/\/xn--krbisweitwurf-wob.ch\/wp-content\/uploads\/2018\/10\/bohler-100x50.png\" data-link=\"\/\/www.bohler-betonbearbeitungen.ch\/\" data-target=\"_blank\" data-seoz=\"front\" data-anim=\"ei:d;eo:d;s:600;t:fade;sl:d;\">\n\t\t\t\t\t\t\t<img src=\"\/\/xn--krbisweitwurf-wob.ch\/wp-content\/plugins\/revslider\/public\/assets\/assets\/dummy.png\" title=\"Home\" data-lazyload=\"\/\/xn--krbisweitwurf-wob.ch\/wp-content\/uploads\/2018\/10\/bohler.png\" data-bg=\"f:contain;\" data-parallax=\"off\" class=\"rev-slidebg\" data-no-retina>\n<!---->\t\t\t\t\t\t<\/rs-slide>\n\t\t\t\t\t\t<rs-slide data-key=\"rs-45\" data-title=\"Slide\" data-thumb=\"\/\/xn--krbisweitwurf-wob.ch\/wp-content\/uploads\/2018\/10\/wisa-bar-100x50.png\" data-link=\"\/\/wisabar.ch\/\" data-target=\"_blank\" data-seoz=\"front\" data-anim=\"ei:d;eo:d;s:600;t:fade;sl:d;\">\n\t\t\t\t\t\t\t<img src=\"\/\/xn--krbisweitwurf-wob.ch\/wp-content\/plugins\/revslider\/public\/assets\/assets\/dummy.png\" title=\"Home\" data-lazyload=\"\/\/xn--krbisweitwurf-wob.ch\/wp-content\/uploads\/2018\/10\/wisa-bar.png\" data-bg=\"f:contain;\" data-parallax=\"off\" class=\"rev-slidebg\" data-no-retina>\n<!---->\t\t\t\t\t\t<\/rs-slide>\n\t\t\t\t\t\t<rs-slide data-key=\"rs-56\" data-title=\"Slide\" data-thumb=\"\/\/xn--krbisweitwurf-wob.ch\/wp-content\/uploads\/2024\/10\/logo-1-100x50.png\" data-link=\"\/\/wisabar.ch\/\" data-target=\"_blank\" data-seoz=\"front\" data-anim=\"ei:d;eo:d;s:600;t:fade;sl:d;\">\n\t\t\t\t\t\t\t<img src=\"\/\/xn--krbisweitwurf-wob.ch\/wp-content\/plugins\/revslider\/public\/assets\/assets\/dummy.png\" title=\"Home\" data-lazyload=\"\/\/xn--krbisweitwurf-wob.ch\/wp-content\/uploads\/2024\/10\/logo-1.png\" data-bg=\"f:contain;\" data-parallax=\"off\" class=\"rev-slidebg\" data-no-retina>\n<!---->\t\t\t\t\t\t<\/rs-slide>\n\t\t\t\t\t<\/rs-slides>\n\t\t\t\t<\/rs-module>\n\t\t\t\t<script type=\"text\/javascript\">\n\t\t\t\t\tsetREVStartSize({c: 'rev_slider_1_1',rl:[1240,1024,778,480],el:[],gw:[600],gh:[600],type:'carousel',justify:'',layout:'fullwidth',mh:\"0\"});\n\t\t\t\t\tvar\trevapi1,\n\t\t\t\t\t\ttpj;\n\t\t\t\t\tfunction revinit_revslider11() {\n\t\t\t\t\tjQuery(function() {\n\t\t\t\t\t\ttpj = jQuery;\n\t\t\t\t\t\trevapi1 = tpj(\"#rev_slider_1_1\");\n\t\t\t\t\t\tif(revapi1==undefined || revapi1.revolution == undefined){\n\t\t\t\t\t\t\trevslider_showDoubleJqueryError(\"rev_slider_1_1\");\n\t\t\t\t\t\t}else{\n\t\t\t\t\t\t\trevapi1.revolution({\n\t\t\t\t\t\t\t\tsliderType:\"carousel\",\n\t\t\t\t\t\t\t\tduration:2000,\n\t\t\t\t\t\t\t\tvisibilityLevels:\"1240,1024,778,480\",\n\t\t\t\t\t\t\t\tgridwidth:600,\n\t\t\t\t\t\t\t\tgridheight:600,\n\t\t\t\t\t\t\t\tlazyType:\"smart\",\n\t\t\t\t\t\t\t\tperspectiveType:\"local\",\n\t\t\t\t\t\t\t\tresponsiveLevels:\"1240,1024,778,480\",\n\t\t\t\t\t\t\t\tstartWithSlide:1,\n\t\t\t\t\t\t\t\tcarousel: {\n\t\t\t\t\t\t\t\t\tinfinity:true,\n\t\t\t\t\t\t\t\t\tspace:-150,\n\t\t\t\t\t\t\t\t\tmaxRotation:65,\n\t\t\t\t\t\t\t\t\tvary_rotation:true,\n\t\t\t\t\t\t\t\t\tminScale:45,\n\t\t\t\t\t\t\t\t\tvary_fade:true\n\t\t\t\t\t\t\t\t},\n\t\t\t\t\t\t\t\tprogressBar:{disableProgressBar:true},\n\t\t\t\t\t\t\t\tnavigation: {\n\t\t\t\t\t\t\t\t\tmouseScrollNavigation:false,\n\t\t\t\t\t\t\t\t\tonHoverStop:false,\n\t\t\t\t\t\t\t\t\ttouch: {\n\t\t\t\t\t\t\t\t\t\ttouchenabled:true,\n\t\t\t\t\t\t\t\t\t\tswipe_min_touches:50\n\t\t\t\t\t\t\t\t\t},\n\t\t\t\t\t\t\t\t\tarrows: {\n\t\t\t\t\t\t\t\t\t\tenable:true,\n\t\t\t\t\t\t\t\t\t\tstyle:\"hesperiden\",\n\t\t\t\t\t\t\t\t\t\tleft: {\n\t\t\t\t\t\t\t\t\t\t\th_offset:30\n\t\t\t\t\t\t\t\t\t\t},\n\t\t\t\t\t\t\t\t\t\tright: {\n\t\t\t\t\t\t\t\t\t\t\th_offset:30\n\t\t\t\t\t\t\t\t\t\t}\n\t\t\t\t\t\t\t\t\t}\n\t\t\t\t\t\t\t\t},\n\t\t\t\t\t\t\t\tparallax: {\n\t\t\t\t\t\t\t\t\tlevels:[2,3,4,5,6,7,12,16,10,50,47,48,49,50,51,55],\n\t\t\t\t\t\t\t\t\ttype:\"mouse\",\n\t\t\t\t\t\t\t\t\torigo:\"slidercenter\",\n\t\t\t\t\t\t\t\t\tspeed:2000\n\t\t\t\t\t\t\t\t},\n\t\t\t\t\t\t\t\tfallbacks: {\n\t\t\t\t\t\t\t\t\tallowHTML5AutoPlayOnAndroid:true\n\t\t\t\t\t\t\t\t},\n\t\t\t\t\t\t\t});\n\t\t\t\t\t\t}\n\t\t\t\t\t\t\n\t\t\t\t\t});\n\t\t\t\t\t} \/\/ End of RevInitScript\n\t\t\t\tvar once_revslider11 = false;\n\t\t\t\tif (document.readyState === \"loading\") {document.addEventListener('readystatechange',function() { if((document.readyState === \"interactive\" || document.readyState === \"complete\") && !once_revslider11 ) { once_revslider11 = true; revinit_revslider11();}});} else {once_revslider11 = true; revinit_revslider11();}\n\t\t\t\t<\/script>\n\t\t\t\t<script>\n\t\t\t\t\tvar htmlDivCss = unescape(\"%23rev_slider_1_1_wrapper%20.hesperiden.tparrows%20%7B%0A%09cursor%3Apointer%3B%0A%09background%3Argba%280%2C0%2C0%2C0.5%29%3B%0A%09width%3A40px%3B%0A%09height%3A40px%3B%0A%09position%3Aabsolute%3B%0A%09display%3Ablock%3B%0A%09z-index%3A1000%3B%0A%20%20%20%20border-radius%3A%2050%25%3B%0A%7D%0A%23rev_slider_1_1_wrapper%20.hesperiden.tparrows%3Ahover%20%7B%0A%09background%3A%23000000%3B%0A%7D%0A%23rev_slider_1_1_wrapper%20.hesperiden.tparrows%3Abefore%20%7B%0A%09font-family%3A%20%27revicons%27%3B%0A%09font-size%3A20px%3B%0A%09color%3A%23ffffff%3B%0A%09display%3Ablock%3B%0A%09line-height%3A%2040px%3B%0A%09text-align%3A%20center%3B%0A%7D%0A%23rev_slider_1_1_wrapper%20.hesperiden.tparrows.tp-leftarrow%3Abefore%20%7B%0A%09content%3A%20%27%5Ce82c%27%3B%0A%20%20%20%20margin-left%3A-3px%3B%0A%7D%0A%23rev_slider_1_1_wrapper%20.hesperiden.tparrows.tp-rightarrow%3Abefore%20%7B%0A%09content%3A%20%27%5Ce82d%27%3B%0A%20%20%20%20margin-right%3A-3px%3B%0A%7D%0A\");\n\t\t\t\t\tvar htmlDiv = document.getElementById('rs-plugin-settings-inline-css');\n\t\t\t\t\tif(htmlDiv) {\n\t\t\t\t\t\thtmlDiv.innerHTML = htmlDiv.innerHTML + htmlDivCss;\n\t\t\t\t\t}else{\n\t\t\t\t\t\tvar htmlDiv = document.createElement('div');\n\t\t\t\t\t\thtmlDiv.innerHTML = '<style>' + htmlDivCss + '<\/style>';\n\t\t\t\t\t\tdocument.getElementsByTagName('head')[0].appendChild(htmlDiv.childNodes[0]);\n\t\t\t\t\t}\n\t\t\t\t<\/script>\n\t\t\t\t<script>\n\t\t\t\t\tvar htmlDivCss = unescape(\"%0A%0A%0A%0A%0A%0A\");\n\t\t\t\t\tvar htmlDiv = document.getElementById('rs-plugin-settings-inline-css');\n\t\t\t\t\tif(htmlDiv) {\n\t\t\t\t\t\thtmlDiv.innerHTML = htmlDiv.innerHTML + htmlDivCss;\n\t\t\t\t\t}else{\n\t\t\t\t\t\tvar htmlDiv = document.createElement('div');\n\t\t\t\t\t\thtmlDiv.innerHTML = '<style>' + htmlDivCss + '<\/style>';\n\t\t\t\t\t\tdocument.getElementsByTagName('head')[0].appendChild(htmlDiv.childNodes[0]);\n\t\t\t\t\t}\n\t\t\t\t<\/script>\n\t\t\t<\/rs-module-wrap>\n\t\t\t<!-- END REVOLUTION SLIDER -->\n<\/div><div id=\"aq-block-7564-27\" class=\"aq-block aq-block-aq_title_border_block_end aq_span12 aq-first cf\"><\/div><\/div><\/div><div id=\"aq-block-7564-28\" class=\"aq-block aq-block-aq_end_content_block aq_span12 aq-first cf\">\t\t<\/div><\/div>\n\t\t\t\t\t<\/div><\/div><\/div>\n","protected":false},"excerpt":{"rendered":"","protected":false},"author":1,"featured_media":0,"parent":0,"menu_order":0,"comment_status":"open","ping_status":"open","template":"template-fullwidth.php","meta":[],"_links":{"self":[{"href":"https:\/\/xn--krbisweitwurf-wob.ch\/index.php?rest_route=\/wp\/v2\/pages\/7643"}],"collection":[{"href":"https:\/\/xn--krbisweitwurf-wob.ch\/index.php?rest_route=\/wp\/v2\/pages"}],"about":[{"href":"https:\/\/xn--krbisweitwurf-wob.ch\/index.php?rest_route=\/wp\/v2\/types\/page"}],"author":[{"embeddable":true,"href":"https:\/\/xn--krbisweitwurf-wob.ch\/index.php?rest_route=\/wp\/v2\/users\/1"}],"replies":[{"embeddable":true,"href":"https:\/\/xn--krbisweitwurf-wob.ch\/index.php?rest_route=%2Fwp%2Fv2%2Fcomments&post=7643"}],"version-history":[{"count":3,"href":"https:\/\/xn--krbisweitwurf-wob.ch\/index.php?rest_route=\/wp\/v2\/pages\/7643\/revisions"}],"predecessor-version":[{"id":7980,"href":"https:\/\/xn--krbisweitwurf-wob.ch\/index.php?rest_route=\/wp\/v2\/pages\/7643\/revisions\/7980"}],"wp:attachment":[{"href":"https:\/\/xn--krbisweitwurf-wob.ch\/index.php?rest_route=%2Fwp%2Fv2%2Fmedia&parent=7643"}],"curies":[{"name":"wp","href":"https:\/\/api.w.org\/{rel}","templated":true}]}}